{"id":562,"date":"2025-04-23T11:17:47","date_gmt":"2025-04-23T03:17:47","guid":{"rendered":"https:\/\/www.honestmanrides.com\/?page_id=562"},"modified":"2025-09-18T11:14:03","modified_gmt":"2025-09-18T03:14:03","slug":"faq","status":"publish","type":"page","link":"https:\/\/www.honestmanrides.com\/fr\/faq\/","title":{"rendered":"FAQ"},"content":{"rendered":"<div data-elementor-type=\"wp-page\" data-elementor-id=\"562\" class=\"elementor elementor-562\" data-elementor-post-type=\"page\">\n\t\t\t\t<div class=\"elementor-element elementor-element-85bb01b e-con-full e-flex e-con e-parent\" data-id=\"85bb01b\" data-element_type=\"container\" data-settings=\"{&quot;jet_parallax_layout_list&quot;:[],&quot;background_background&quot;:&quot;classic&quot;}\">\n\t\t<div class=\"elementor-element elementor-element-361cbed e-con-full e-flex e-con e-child\" data-id=\"361cbed\" data-element_type=\"container\" data-settings=\"{&quot;jet_parallax_layout_list&quot;:[]}\">\n\t\t\t\t<div class=\"elementor-element elementor-element-4874141 elementor-widget elementor-widget-heading\" data-id=\"4874141\" data-element_type=\"widget\" data-widget_type=\"heading.default\">\n\t\t\t\t<div class=\"elementor-widget-container\">\n\t\t\t\t\t<h2 class=\"elementor-heading-title elementor-size-default\">FAQ<\/h2>\t\t\t\t<\/div>\n\t\t\t\t<\/div>\n\t\t\t\t<div class=\"elementor-element elementor-element-001d9c0 elementor-widget elementor-widget-shortcode\" data-id=\"001d9c0\" data-element_type=\"widget\" data-widget_type=\"shortcode.default\">\n\t\t\t\t<div class=\"elementor-widget-container\">\n\t\t\t\t\t\t\t<div class=\"elementor-shortcode\">\t\t\t<!-- Flexy Breadcrumb -->\r\n\t\t\t<div class=\"fbc fbc-page\">\r\n\r\n\t\t\t\t<!-- Breadcrumb wrapper -->\r\n\t\t\t\t<div class=\"fbc-wrap\">\r\n\r\n\t\t\t\t\t<!-- Ordered list-->\r\n\t\t\t\t\t<ol class=\"fbc-items\" itemscope itemtype=\"https:\/\/schema.org\/BreadcrumbList\">\r\n\t\t\t\t\t\t            <li itemprop=\"itemListElement\" itemscope itemtype=\"https:\/\/schema.org\/ListItem\">\r\n                <span itemprop=\"name\">\r\n                    <!-- Home Link -->\r\n                    <a itemprop=\"item\" href=\"https:\/\/www.honestmanrides.com\/fr\/\">\r\n                    \r\n                                                    <i class=\"fa fa-home\" aria-hidden=\"true\"><\/i>Accueil                    <\/a>\r\n                <\/span>\r\n                <meta itemprop=\"position\" content=\"1\" \/><!-- Meta Position-->\r\n             <\/li><li><span class=\"fbc-separator\">\/<\/span><\/li><li class=\"active\" itemprop=\"itemListElement\" itemscope itemtype=\"https:\/\/schema.org\/ListItem\"><span itemprop=\"name\" title=\"FAQ\">FAQ<\/span><meta itemprop=\"position\" content=\"2\" \/><\/li>\t\t\t\t\t<\/ol>\r\n\t\t\t\t\t<div class=\"clearfix\"><\/div>\r\n\t\t\t\t<\/div>\r\n\t\t\t<\/div>\r\n\t\t\t<\/div>\n\t\t\t\t\t\t<\/div>\n\t\t\t\t<\/div>\n\t\t\t\t<\/div>\n\t\t\t\t<\/div>\n\t\t<div class=\"elementor-element elementor-element-b12d6f4 e-flex e-con-boxed e-con e-parent\" data-id=\"b12d6f4\" data-element_type=\"container\" data-settings=\"{&quot;jet_parallax_layout_list&quot;:[]}\">\n\t\t\t\t\t<div class=\"e-con-inner\">\n\t\t\t\t<div class=\"elementor-element elementor-element-e5a7fa0 elementor-grid-1 elementor-posts--thumbnail-left News_ArticleT Index_ProcpLoop elementor-grid-tablet-1 elementor-grid-mobile-1 elementor-widget elementor-widget-posts\" data-id=\"e5a7fa0\" data-element_type=\"widget\" data-settings=\"{&quot;classic_columns&quot;:&quot;1&quot;,&quot;pagination_type&quot;:&quot;numbers&quot;,&quot;classic_columns_tablet&quot;:&quot;1&quot;,&quot;classic_row_gap_mobile&quot;:{&quot;unit&quot;:&quot;px&quot;,&quot;size&quot;:20,&quot;sizes&quot;:[]},&quot;classic_columns_mobile&quot;:&quot;1&quot;,&quot;classic_row_gap&quot;:{&quot;unit&quot;:&quot;px&quot;,&quot;size&quot;:35,&quot;sizes&quot;:[]},&quot;classic_row_gap_tablet&quot;:{&quot;unit&quot;:&quot;px&quot;,&quot;size&quot;:&quot;&quot;,&quot;sizes&quot;:[]}}\" data-widget_type=\"posts.classic\">\n\t\t\t\t<div class=\"elementor-widget-container\">\n\t\t\t\t\t\t\t<div class=\"elementor-posts-container elementor-posts elementor-posts--skin-classic elementor-grid\">\n\t\t\t\t<article class=\"elementor-post elementor-grid-item post-3858 post type-post status-publish format-standard hentry category-faq tag-amusement-equipment\">\n\t\t\t\t<div class=\"elementor-post__text\">\n\t\t\t\t<h3 class=\"elementor-post__title\">\n\t\t\t<a href=\"https:\/\/www.honestmanrides.com\/fr\/about-the-installation-of-amusement-equipment\/\" >\n\t\t\t\t\u00c0 propos de l'installation d'\u00e9quipements de divertissement\t\t\t<\/a>\n\t\t<\/h3>\n\t\t\t\t<div class=\"elementor-post__meta-data\">\n\t\t\t\t\t<span class=\"elementor-post-date\">\n\t\t\t2025-10-23\t\t<\/span>\n\t\t\t\t<\/div>\n\t\t\t\t<div class=\"elementor-post__excerpt\">\n\t\t\t<p>\u00a0 \u00a0 Pour l'installation des \u00e9quipements de loisirs, nous fournissons des sch\u00e9mas et des vid\u00e9os d'installation, ainsi que des \u00e9changes vid\u00e9o avec notre personnel du service apr\u00e8s-vente pour une assistance \u00e0 l'utilisation. Afin de faciliter<\/p>\n\t\t<\/div>\n\t\t\n\t\t<a class=\"elementor-post__read-more\" href=\"https:\/\/www.honestmanrides.com\/fr\/about-the-installation-of-amusement-equipment\/\" aria-label=\"Read more about About the installation of amusement equipment\" tabindex=\"-1\" >\n\t\t\tLire la suite \u00bb\t\t<\/a>\n\n\t\t\t\t<\/div>\n\t\t\t\t<\/article>\n\t\t\t\t<article class=\"elementor-post elementor-grid-item post-3855 post type-post status-publish format-standard hentry category-faq tag-amusement-park-rides\">\n\t\t\t\t<div class=\"elementor-post__text\">\n\t\t\t\t<h3 class=\"elementor-post__title\">\n\t\t\t<a href=\"https:\/\/www.honestmanrides.com\/fr\/about-amusement-park-rides-warranty\/\" >\n\t\t\t\t\u00c0 propos de la garantie des man\u00e8ges des parcs d'attractions\t\t\t<\/a>\n\t\t<\/h3>\n\t\t\t\t<div class=\"elementor-post__meta-data\">\n\t\t\t\t\t<span class=\"elementor-post-date\">\n\t\t\t2025-10-23\t\t<\/span>\n\t\t\t\t<\/div>\n\t\t\t\t<div class=\"elementor-post__excerpt\">\n\t\t\t<p>\u00a0 \u00a0 Amusement Park Rides fournit des pi\u00e8ces de rechange pour l'usure normale d\u00e8s la livraison. Les pi\u00e8ces endommag\u00e9es dans l'ann\u00e9e suivant la livraison (en raison d'une utilisation normale) seront remplac\u00e9es.<\/p>\n\t\t<\/div>\n\t\t\n\t\t<a class=\"elementor-post__read-more\" href=\"https:\/\/www.honestmanrides.com\/fr\/about-amusement-park-rides-warranty\/\" aria-label=\"Read more about About amusement park rides warranty\" tabindex=\"-1\" >\n\t\t\tLire la suite \u00bb\t\t<\/a>\n\n\t\t\t\t<\/div>\n\t\t\t\t<\/article>\n\t\t\t\t<article class=\"elementor-post elementor-grid-item post-3443 post type-post status-publish format-standard hentry category-faq\">\n\t\t\t\t<div class=\"elementor-post__text\">\n\t\t\t\t<h3 class=\"elementor-post__title\">\n\t\t\t<a href=\"https:\/\/www.honestmanrides.com\/fr\/are-you-a-bumper-car-manufacturer\/\" >\n\t\t\t\t\u00cates-vous un fabricant d'auto-tamponneuses\u00a0?\t\t\t<\/a>\n\t\t<\/h3>\n\t\t\t\t<div class=\"elementor-post__meta-data\">\n\t\t\t\t\t<span class=\"elementor-post-date\">\n\t\t\t2025-10-21\t\t<\/span>\n\t\t\t\t<\/div>\n\t\t\t\t<div class=\"elementor-post__excerpt\">\n\t\t\t<p>\u00a0 Nous sommes un fabricant d'autos tamponneuses fort de 15 ans d'exp\u00e9rience. Nous b\u00e9n\u00e9ficions d'une solide exp\u00e9rience en production et en gestion, d'une main-d'\u0153uvre qualifi\u00e9e et de mati\u00e8res premi\u00e8res de haute qualit\u00e9.<\/p>\n\t\t<\/div>\n\t\t\n\t\t<a class=\"elementor-post__read-more\" href=\"https:\/\/www.honestmanrides.com\/fr\/are-you-a-bumper-car-manufacturer\/\" aria-label=\"Read more about Are you a bumper car manufacturer?\" tabindex=\"-1\" >\n\t\t\tLire la suite \u00bb\t\t<\/a>\n\n\t\t\t\t<\/div>\n\t\t\t\t<\/article>\n\t\t\t\t<article class=\"elementor-post elementor-grid-item post-3778 post type-post status-publish format-standard hentry category-faq tag-amusement-equipment\">\n\t\t\t\t<div class=\"elementor-post__text\">\n\t\t\t\t<h3 class=\"elementor-post__title\">\n\t\t\t<a href=\"https:\/\/www.honestmanrides.com\/fr\/about-the-voltage-of-amusement-equipment\/\" >\n\t\t\t\t\u00c0 propos de la tension de l'\u00e9quipement d'amusement\t\t\t<\/a>\n\t\t<\/h3>\n\t\t\t\t<div class=\"elementor-post__meta-data\">\n\t\t\t\t\t<span class=\"elementor-post-date\">\n\t\t\t2025-10-19\t\t<\/span>\n\t\t\t\t<\/div>\n\t\t\t\t<div class=\"elementor-post__excerpt\">\n\t\t\t\t\t<\/div>\n\t\t\n\t\t<a class=\"elementor-post__read-more\" href=\"https:\/\/www.honestmanrides.com\/fr\/about-the-voltage-of-amusement-equipment\/\" aria-label=\"Read more about About the voltage of amusement equipment\" tabindex=\"-1\" >\n\t\t\tLire la suite \u00bb\t\t<\/a>\n\n\t\t\t\t<\/div>\n\t\t\t\t<\/article>\n\t\t\t\t<article class=\"elementor-post elementor-grid-item post-3771 post type-post status-publish format-standard hentry category-faq tag-inflatable-castle-price\">\n\t\t\t\t<div class=\"elementor-post__text\">\n\t\t\t\t<h3 class=\"elementor-post__title\">\n\t\t\t<a href=\"https:\/\/www.honestmanrides.com\/fr\/inflatable-castle-price-difference\/\" >\n\t\t\t\tDiff\u00e9rence de prix du ch\u00e2teau gonflable\t\t\t<\/a>\n\t\t<\/h3>\n\t\t\t\t<div class=\"elementor-post__meta-data\">\n\t\t\t\t\t<span class=\"elementor-post-date\">\n\t\t\t2025-10-18\t\t<\/span>\n\t\t\t\t<\/div>\n\t\t\t\t<div class=\"elementor-post__excerpt\">\n\t\t\t<p>\u00a0 \u00a0 Les ch\u00e2teaux gonflables existent en versions haut de gamme, standard et bon march\u00e9, principalement en raison des diff\u00e9rences de mati\u00e8res premi\u00e8res et de fabrication. Le tissu PVC utilis\u00e9 dans<\/p>\n\t\t<\/div>\n\t\t\n\t\t<a class=\"elementor-post__read-more\" href=\"https:\/\/www.honestmanrides.com\/fr\/inflatable-castle-price-difference\/\" aria-label=\"Read more about Inflatable castle price difference\" tabindex=\"-1\" >\n\t\t\tLire la suite \u00bb\t\t<\/a>\n\n\t\t\t\t<\/div>\n\t\t\t\t<\/article>\n\t\t\t\t<article class=\"elementor-post elementor-grid-item post-3750 post type-post status-publish format-standard hentry category-faq tag-ride-bull-machine\">\n\t\t\t\t<div class=\"elementor-post__text\">\n\t\t\t\t<h3 class=\"elementor-post__title\">\n\t\t\t<a href=\"https:\/\/www.honestmanrides.com\/fr\/how-to-choose-a-ride-bull-machine\/\" >\n\t\t\t\tComment choisir une machine de rod\u00e9o?\t\t\t<\/a>\n\t\t<\/h3>\n\t\t\t\t<div class=\"elementor-post__meta-data\">\n\t\t\t\t\t<span class=\"elementor-post-date\">\n\t\t\t2025-10-09\t\t<\/span>\n\t\t\t\t<\/div>\n\t\t\t\t<div class=\"elementor-post__excerpt\">\n\t\t\t<p>\u00a0 \u00a0 Notre entreprise poss\u00e8de une vaste exp\u00e9rience dans le domaine des machines de rod\u00e9o et, gr\u00e2ce \u00e0 une am\u00e9lioration continue, notre qualit\u00e9 est devenue tr\u00e8s stable. Nous proposons une large gamme de produits.<\/p>\n\t\t<\/div>\n\t\t\n\t\t<a class=\"elementor-post__read-more\" href=\"https:\/\/www.honestmanrides.com\/fr\/how-to-choose-a-ride-bull-machine\/\" aria-label=\"Read more about How to choose a ride bull machine?\" tabindex=\"-1\" >\n\t\t\tLire la suite \u00bb\t\t<\/a>\n\n\t\t\t\t<\/div>\n\t\t\t\t<\/article>\n\t\t\t\t<\/div>\n\t\t\n\t\t\t\t<div class=\"e-load-more-anchor\" data-page=\"1\" data-max-page=\"2\" data-next-page=\"https:\/\/www.honestmanrides.com\/fr\/wp-json\/wp\/v2\/pages\/562\/page\/2\/\"><\/div>\n\t\t\t\t<nav class=\"elementor-pagination\" aria-label=\"Pagination\">\n\t\t\t<span aria-current=\"page\" class=\"page-numbers current\"><span class=\"elementor-screen-only\">Page<\/span>1<\/span>\n<a class=\"page-numbers\" href=\"https:\/\/www.honestmanrides.com\/fr\/wp-json\/wp\/v2\/pages\/562\/page\/2\/\"><span class=\"elementor-screen-only\">Page<\/span>2<\/a>\t\t<\/nav>\n\t\t\t\t\t\t<\/div>\n\t\t\t\t<\/div>\n\t\t\t\t\t<\/div>\n\t\t\t\t<\/div>\n\t\t\t\t<\/div>","protected":false},"excerpt":{"rendered":"<p>FAQ<\/p>","protected":false},"author":1,"featured_media":0,"parent":0,"menu_order":0,"comment_status":"closed","ping_status":"closed","template":"","meta":{"_acf_changed":false,"footnotes":""},"class_list":["post-562","page","type-page","status-publish","hentry"],"acf":[],"_links":{"self":[{"href":"https:\/\/www.honestmanrides.com\/fr\/wp-json\/wp\/v2\/pages\/562","targetHints":{"allow":["GET"]}}],"collection":[{"href":"https:\/\/www.honestmanrides.com\/fr\/wp-json\/wp\/v2\/pages"}],"about":[{"href":"https:\/\/www.honestmanrides.com\/fr\/wp-json\/wp\/v2\/types\/page"}],"author":[{"embeddable":true,"href":"https:\/\/www.honestmanrides.com\/fr\/wp-json\/wp\/v2\/users\/1"}],"replies":[{"embeddable":true,"href":"https:\/\/www.honestmanrides.com\/fr\/wp-json\/wp\/v2\/comments?post=562"}],"version-history":[{"count":28,"href":"https:\/\/www.honestmanrides.com\/fr\/wp-json\/wp\/v2\/pages\/562\/revisions"}],"predecessor-version":[{"id":3118,"href":"https:\/\/www.honestmanrides.com\/fr\/wp-json\/wp\/v2\/pages\/562\/revisions\/3118"}],"wp:attachment":[{"href":"https:\/\/www.honestmanrides.com\/fr\/wp-json\/wp\/v2\/media?parent=562"}],"curies":[{"name":"wp","href":"https:\/\/api.w.org\/{rel}","templated":true}]}}